{"id":5,"date":"2013-09-14T08:21:10","date_gmt":"2013-09-14T08:21:10","guid":{"rendered":"http:\/\/aes.org.pt\/aeswp\/?page_id=5"},"modified":"2022-04-10T17:43:20","modified_gmt":"2022-04-10T17:43:20","slug":"apeaaes","status":"publish","type":"page","link":"https:\/\/aes.org.pt\/aeswp\/?page_id=5","title":{"rendered":"Corpos gerentes"},"content":{"rendered":"<p><strong>Corpos gerentes<\/strong><\/p>\n<p><b>Direc\u00e7\u00e3o<\/b><b><br \/>\n<\/b><\/p>\n<ul>\n<li>Presidente: Salviano Soares<\/li>\n<li>Secret\u00e1rio: Pedro Pestana<\/li>\n<li>Tesoureiro: Jos\u00e9 Vieira<\/li>\n<\/ul>\n<p><b>Assembleia Geral<\/b><\/p>\n<ul>\n<li>Presidente: Diamantino Freitas<\/li>\n<li>Vice-Presidente: Ricardo Ribeiro<\/li>\n<li>Secret\u00e1rio: Jo\u00e3o Cordeiro<\/li>\n<\/ul>\n<p><b>Conselho Fiscal<\/b><\/p>\n<ul>\n<li>Presidente: Marco Concei\u00e7\u00e3o<\/li>\n<li>Vice-Presidente: Tiago Fernandes<\/li>\n<li>Secret\u00e1rio: Ricardo Vicente<\/li>\n<\/ul>\n<p><a href=\"http:\/\/aes.org.pt\/apea\/estatutos.pdf\" target=\"_blank\" rel=\"noopener noreferrer\"><strong>Ver Estatutos APEA<\/strong><\/a><\/p>\n","protected":false},"excerpt":{"rendered":"<p>Corpos gerentes Direc\u00e7\u00e3o Presidente: Salviano Soares Secret\u00e1rio: Pedro Pestana Tesoureiro: Jos\u00e9 Vieira Assembleia Geral Presidente: Diamantino Freitas Vice-Presidente: Ricardo Ribeiro Secret\u00e1rio: Jo\u00e3o Cordeiro Conselho Fiscal Presidente: Marco Concei\u00e7\u00e3o Vice-Presidente: Tiago Fernandes Secret\u00e1rio: Ricardo Vicente Ver Estatutos APEA<\/p>\n","protected":false},"author":1,"featured_media":0,"parent":218,"menu_order":0,"comment_status":"closed","ping_status":"closed","template":"","meta":{"footnotes":""},"_links":{"self":[{"href":"https:\/\/aes.org.pt\/aeswp\/index.php?rest_route=\/wp\/v2\/pages\/5"}],"collection":[{"href":"https:\/\/aes.org.pt\/aeswp\/index.php?rest_route=\/wp\/v2\/pages"}],"about":[{"href":"https:\/\/aes.org.pt\/aeswp\/index.php?rest_route=\/wp\/v2\/types\/page"}],"author":[{"embeddable":true,"href":"https:\/\/aes.org.pt\/aeswp\/index.php?rest_route=\/wp\/v2\/users\/1"}],"replies":[{"embeddable":true,"href":"https:\/\/aes.org.pt\/aeswp\/index.php?rest_route=%2Fwp%2Fv2%2Fcomments&post=5"}],"version-history":[{"count":15,"href":"https:\/\/aes.org.pt\/aeswp\/index.php?rest_route=\/wp\/v2\/pages\/5\/revisions"}],"predecessor-version":[{"id":414,"href":"https:\/\/aes.org.pt\/aeswp\/index.php?rest_route=\/wp\/v2\/pages\/5\/revisions\/414"}],"up":[{"embeddable":true,"href":"https:\/\/aes.org.pt\/aeswp\/index.php?rest_route=\/wp\/v2\/pages\/218"}],"wp:attachment":[{"href":"https:\/\/aes.org.pt\/aeswp\/index.php?rest_route=%2Fwp%2Fv2%2Fmedia&parent=5"}],"curies":[{"name":"wp","href":"https:\/\/api.w.org\/{rel}","templated":true}]}}