{"id":218,"date":"2018-11-07T16:58:19","date_gmt":"2018-11-07T16:58:19","guid":{"rendered":"https:\/\/aes.org.pt\/aeswp\/?page_id=218"},"modified":"2018-11-07T17:58:03","modified_gmt":"2018-11-07T17:58:03","slug":"quem-somos","status":"publish","type":"page","link":"https:\/\/aes.org.pt\/aeswp\/?page_id=218","title":{"rendered":"Quem somos"},"content":{"rendered":"<p>A Associa\u00e7\u00e3o Portuguesa de Engenharia de \u00c1udio (APEA) \u00e9 a correspondente Portuguesa da Sec\u00e7\u00e3o Portuguesa da <a href=\"http:\/\/www.aes.org\/\" target=\"_blank\" rel=\"noopener\">Audio Engineering Society (AES)<\/a>. Existe deste 2001 e foi formalmente constitu\u00edda em 2004.<\/p>\n<p>Todos os membros da AES com as quotas em dia s\u00e3o automaticamente membros da APEA. Mas, se a inscri\u00e7\u00e3o \u00e9 recente pode <a href=\"mailto:audio@aes.org.pt\">contactar-nos<\/a> para receber as nossas not\u00edcias.<\/p>\n<p><img decoding=\"async\" class=\"aligncenter\" src=\"\/apea\/svg\/aeslogo1.svg\" border=\"0\" \/><\/p>\n","protected":false},"excerpt":{"rendered":"<p>A Associa\u00e7\u00e3o Portuguesa de Engenharia de \u00c1udio (APEA) \u00e9 a correspondente Portuguesa da Sec\u00e7\u00e3o Portuguesa da Audio Engineering Society (AES). Existe deste 2001 e foi formalmente constitu\u00edda em 2004. Todos os membros da AES com as quotas em dia s\u00e3o &hellip;<\/p>\n<p class=\"read-more\"> <a class=\"more-link\" href=\"https:\/\/aes.org.pt\/aeswp\/?page_id=218\"> <span class=\"screen-reader-text\">Quem somos<\/span> Read More &raquo;<\/a><\/p>\n","protected":false},"author":1,"featured_media":0,"parent":0,"menu_order":0,"comment_status":"closed","ping_status":"closed","template":"","meta":{"footnotes":""},"_links":{"self":[{"href":"https:\/\/aes.org.pt\/aeswp\/index.php?rest_route=\/wp\/v2\/pages\/218"}],"collection":[{"href":"https:\/\/aes.org.pt\/aeswp\/index.php?rest_route=\/wp\/v2\/pages"}],"about":[{"href":"https:\/\/aes.org.pt\/aeswp\/index.php?rest_route=\/wp\/v2\/types\/page"}],"author":[{"embeddable":true,"href":"https:\/\/aes.org.pt\/aeswp\/index.php?rest_route=\/wp\/v2\/users\/1"}],"replies":[{"embeddable":true,"href":"https:\/\/aes.org.pt\/aeswp\/index.php?rest_route=%2Fwp%2Fv2%2Fcomments&post=218"}],"version-history":[{"count":5,"href":"https:\/\/aes.org.pt\/aeswp\/index.php?rest_route=\/wp\/v2\/pages\/218\/revisions"}],"predecessor-version":[{"id":236,"href":"https:\/\/aes.org.pt\/aeswp\/index.php?rest_route=\/wp\/v2\/pages\/218\/revisions\/236"}],"wp:attachment":[{"href":"https:\/\/aes.org.pt\/aeswp\/index.php?rest_route=%2Fwp%2Fv2%2Fmedia&parent=218"}],"curies":[{"name":"wp","href":"https:\/\/api.w.org\/{rel}","templated":true}]}}