{"id":167,"date":"2018-11-04T20:38:29","date_gmt":"2018-11-04T20:38:29","guid":{"rendered":"https:\/\/aes.org.pt\/aeswp\/?page_id=167"},"modified":"2018-11-07T17:29:46","modified_gmt":"2018-11-07T17:29:46","slug":"fundacao-da-apea","status":"publish","type":"page","link":"https:\/\/aes.org.pt\/aeswp\/?page_id=167","title":{"rendered":"Funda\u00e7\u00e3o da APEA"},"content":{"rendered":"<p>No dia 1 de Abril de 2004 foi criada oficialmente a APEA, Associa\u00e7\u00e3o Portuguesa de Engenharia de \u00c1udio. O registo foi realizado no 1\u00ba Cart\u00f3rio Notarial de Compet\u00eancia Especializada de Aveiro. A APEA tem como sede oficial o Departamento de Electr\u00f3nica da Universidade de Aveiro.<\/p>\n<figure id=\"attachment_169\" aria-describedby=\"caption-attachment-169\" style=\"width: 300px\" class=\"wp-caption aligncenter\"><a href=\"https:\/\/aes.org.pt\/aeswp\/wp-content\/uploads\/2018\/11\/const.jpg\"><img decoding=\"async\" loading=\"lazy\" class=\"wp-image-169 size-medium\" src=\"https:\/\/aes.org.pt\/aeswp\/wp-content\/uploads\/2018\/11\/const-300x225.jpg\" alt=\"\" width=\"300\" height=\"225\" srcset=\"https:\/\/aes.org.pt\/aeswp\/wp-content\/uploads\/2018\/11\/const-300x225.jpg 300w, https:\/\/aes.org.pt\/aeswp\/wp-content\/uploads\/2018\/11\/const-100x75.jpg 100w, https:\/\/aes.org.pt\/aeswp\/wp-content\/uploads\/2018\/11\/const-150x113.jpg 150w, https:\/\/aes.org.pt\/aeswp\/wp-content\/uploads\/2018\/11\/const-200x150.jpg 200w, https:\/\/aes.org.pt\/aeswp\/wp-content\/uploads\/2018\/11\/const-450x338.jpg 450w, https:\/\/aes.org.pt\/aeswp\/wp-content\/uploads\/2018\/11\/const.jpg 500w\" sizes=\"(max-width: 300px) 100vw, 300px\" \/><\/a><figcaption id=\"caption-attachment-169\" class=\"wp-caption-text\">Foto da funda\u00e7\u00e3o. Da esquerda para a direita Jos\u00e9 Vieira, Paulo Ferreira, An\u00edbal Ferreira e Ant\u00f3nio Oliveira<\/figcaption><\/figure>\n<p>A Sec\u00e7\u00e3o Portuguesa da Audio Engineering Society j\u00e1 existia desde 2001. A 5 de Junho de 2001 foi efectuada uma reuni\u00e3o de funda\u00e7\u00e3o na R\u00e1diodifus\u00e3o Portuguesa em Lisboa, ver <a href=\"https:\/\/aes.org.pt\/apea\/lisboa\/\" target=\"_blank\" rel=\"noopener\">aqui.<\/a><\/p>\n","protected":false},"excerpt":{"rendered":"<p>No dia 1 de Abril de 2004 foi criada oficialmente a APEA, Associa\u00e7\u00e3o Portuguesa de Engenharia de \u00c1udio. O registo foi realizado no 1\u00ba Cart\u00f3rio Notarial de Compet\u00eancia Especializada de Aveiro. A APEA tem como sede oficial o Departamento de &hellip;<\/p>\n<p class=\"read-more\"> <a class=\"more-link\" href=\"https:\/\/aes.org.pt\/aeswp\/?page_id=167\"> <span class=\"screen-reader-text\">Funda\u00e7\u00e3o da APEA<\/span> Read More &raquo;<\/a><\/p>\n","protected":false},"author":1,"featured_media":0,"parent":218,"menu_order":0,"comment_status":"closed","ping_status":"closed","template":"","meta":{"footnotes":""},"_links":{"self":[{"href":"https:\/\/aes.org.pt\/aeswp\/index.php?rest_route=\/wp\/v2\/pages\/167"}],"collection":[{"href":"https:\/\/aes.org.pt\/aeswp\/index.php?rest_route=\/wp\/v2\/pages"}],"about":[{"href":"https:\/\/aes.org.pt\/aeswp\/index.php?rest_route=\/wp\/v2\/types\/page"}],"author":[{"embeddable":true,"href":"https:\/\/aes.org.pt\/aeswp\/index.php?rest_route=\/wp\/v2\/users\/1"}],"replies":[{"embeddable":true,"href":"https:\/\/aes.org.pt\/aeswp\/index.php?rest_route=%2Fwp%2Fv2%2Fcomments&post=167"}],"version-history":[{"count":4,"href":"https:\/\/aes.org.pt\/aeswp\/index.php?rest_route=\/wp\/v2\/pages\/167\/revisions"}],"predecessor-version":[{"id":174,"href":"https:\/\/aes.org.pt\/aeswp\/index.php?rest_route=\/wp\/v2\/pages\/167\/revisions\/174"}],"up":[{"embeddable":true,"href":"https:\/\/aes.org.pt\/aeswp\/index.php?rest_route=\/wp\/v2\/pages\/218"}],"wp:attachment":[{"href":"https:\/\/aes.org.pt\/aeswp\/index.php?rest_route=%2Fwp%2Fv2%2Fmedia&parent=167"}],"curies":[{"name":"wp","href":"https:\/\/api.w.org\/{rel}","templated":true}]}}